{"id":1192,"date":"2023-04-12T02:13:45","date_gmt":"2023-04-12T00:13:45","guid":{"rendered":"https:\/\/multicyclescaraibe.fr\/?post_type=product&#038;p=1192"},"modified":"2024-03-16T14:47:25","modified_gmt":"2024-03-16T13:47:25","slug":"441-pompe-mini-vtt-kheax-lips-hv-s-6-2-bars-poignee-composite-corps-alu-gris-argent-l185mm-cg","status":"publish","type":"product","link":"https:\/\/multicyclescaraibe.fr\/index.php\/produit\/441-pompe-mini-vtt-kheax-lips-hv-s-6-2-bars-poignee-composite-corps-alu-gris-argent-l185mm-cg\/","title":{"rendered":"441-POMPE MINI VTT KHEAX LIPS HV S 6.2 BARS POIGNEE COMPOSITE CORPS ALU GRIS ARGENT L185MM (CG)"},"content":{"rendered":"","protected":false},"excerpt":{"rendered":"<p>La mini pompe LIPS est compos\u00e9e d\u2019un corps en alu CNC et d&#8217;une poign\u00e9e en composite stri\u00e9e. Elle dispose d&#8217;un flexible r\u00e9versible Presta\/Schrader filet\u00e9. La pompe est livr\u00e9e avec une fixation pour porte-bidon. Le produit est dissponible en 2 longueurs (185 mm, 225 mm).<\/p>\n<p>CARACTERISTIQUES <\/p>\n<p>Pression : 6.2 bar\/90 PSI<br \/>\nCorps : alu<br \/>\nPoign\u00e9e : composite<br \/>\nRaccord : droit VP\/VS<br \/>\nLongueur du raccord : 150 mm<br \/>\nPoids : 95 g<br \/>\nLongueur : 185 mm<\/p>\n","protected":false},"featured_media":1193,"comment_status":"open","ping_status":"closed","template":"","meta":{"_et_pb_use_builder":"","_et_pb_old_content":"","_et_gb_content_width":""},"product_cat":[59,106,99],"product_tag":[],"class_list":["post-1192","product","type-product","status-publish","has-post-thumbnail","hentry","product_cat-pompe","product_cat-pompe-vae","product_cat-pompe-vr"],"wooqr_code":"","_links":{"self":[{"href":"https:\/\/multicyclescaraibe.fr\/index.php\/wp-json\/wp\/v2\/product\/1192","targetHints":{"allow":["GET"]}}],"collection":[{"href":"https:\/\/multicyclescaraibe.fr\/index.php\/wp-json\/wp\/v2\/product"}],"about":[{"href":"https:\/\/multicyclescaraibe.fr\/index.php\/wp-json\/wp\/v2\/types\/product"}],"replies":[{"embeddable":true,"href":"https:\/\/multicyclescaraibe.fr\/index.php\/wp-json\/wp\/v2\/comments?post=1192"}],"wp:featuredmedia":[{"embeddable":true,"href":"https:\/\/multicyclescaraibe.fr\/index.php\/wp-json\/wp\/v2\/media\/1193"}],"wp:attachment":[{"href":"https:\/\/multicyclescaraibe.fr\/index.php\/wp-json\/wp\/v2\/media?parent=1192"}],"wp:term":[{"taxonomy":"product_cat","embeddable":true,"href":"https:\/\/multicyclescaraibe.fr\/index.php\/wp-json\/wp\/v2\/product_cat?post=1192"},{"taxonomy":"product_tag","embeddable":true,"href":"https:\/\/multicyclescaraibe.fr\/index.php\/wp-json\/wp\/v2\/product_tag?post=1192"}],"curies":[{"name":"wp","href":"https:\/\/api.w.org\/{rel}","templated":true}]}}