{"id":2180,"date":"2023-10-04T20:15:31","date_gmt":"2023-10-04T18:15:31","guid":{"rendered":"https:\/\/multicyclescaraibe.fr\/?post_type=product&#038;p=2180"},"modified":"2024-07-07T22:15:39","modified_gmt":"2024-07-07T20:15:39","slug":"835-embout-adaptateur-de-valve-avec-joint-presta-schrader","status":"publish","type":"product","link":"https:\/\/multicyclescaraibe.fr\/index.php\/produit\/835-embout-adaptateur-de-valve-avec-joint-presta-schrader\/","title":{"rendered":"835-Embout adaptateur de valve avec joint presta schrader"},"content":{"rendered":"","protected":false},"excerpt":{"rendered":"<p>Article parfait \u00e0 avoir dans votre kit de r\u00e9paration de crevaison ou d&#8217;outils de v\u00e9lo, si vous avez des valves Presta et vous devez utiliser une pompe Schrader ou un compresseur (valve de voiture).<br \/>\ncette outil vous sera n\u00e9cessaire.<br \/>\nMCC<\/p>\n","protected":false},"featured_media":2181,"comment_status":"open","ping_status":"closed","template":"","meta":{"_et_pb_use_builder":"","_et_pb_old_content":"","_et_gb_content_width":""},"product_cat":[25,170,101,59,106,99],"product_tag":[],"class_list":["post-2180","product","type-product","status-publish","has-post-thumbnail","hentry","product_cat-accessoires-et-entretien","product_cat-accessoires-et-reparation-vae","product_cat-accessoires-reparation-vr","product_cat-pompe","product_cat-pompe-vae","product_cat-pompe-vr"],"wooqr_code":"","_links":{"self":[{"href":"https:\/\/multicyclescaraibe.fr\/index.php\/wp-json\/wp\/v2\/product\/2180","targetHints":{"allow":["GET"]}}],"collection":[{"href":"https:\/\/multicyclescaraibe.fr\/index.php\/wp-json\/wp\/v2\/product"}],"about":[{"href":"https:\/\/multicyclescaraibe.fr\/index.php\/wp-json\/wp\/v2\/types\/product"}],"replies":[{"embeddable":true,"href":"https:\/\/multicyclescaraibe.fr\/index.php\/wp-json\/wp\/v2\/comments?post=2180"}],"wp:featuredmedia":[{"embeddable":true,"href":"https:\/\/multicyclescaraibe.fr\/index.php\/wp-json\/wp\/v2\/media\/2181"}],"wp:attachment":[{"href":"https:\/\/multicyclescaraibe.fr\/index.php\/wp-json\/wp\/v2\/media?parent=2180"}],"wp:term":[{"taxonomy":"product_cat","embeddable":true,"href":"https:\/\/multicyclescaraibe.fr\/index.php\/wp-json\/wp\/v2\/product_cat?post=2180"},{"taxonomy":"product_tag","embeddable":true,"href":"https:\/\/multicyclescaraibe.fr\/index.php\/wp-json\/wp\/v2\/product_tag?post=2180"}],"curies":[{"name":"wp","href":"https:\/\/api.w.org\/{rel}","templated":true}]}}