{"id":2470,"date":"2024-01-31T20:15:20","date_gmt":"2024-01-31T19:15:20","guid":{"rendered":"https:\/\/multicyclescaraibe.fr\/?post_type=product&#038;p=2470"},"modified":"2024-05-01T00:06:41","modified_gmt":"2024-04-30T22:06:41","slug":"1048-porte-velos-3-velos-plateforme-pna-rack-3-attelage","status":"publish","type":"product","link":"https:\/\/multicyclescaraibe.fr\/index.php\/produit\/1048-porte-velos-3-velos-plateforme-pna-rack-3-attelage\/","title":{"rendered":"1048-PORTE-VELOS 3 VELOS PLATEFORME &#8220;PNA RACK 3&#8221; attelage"},"content":{"rendered":"","protected":false},"excerpt":{"rendered":"<p>Le porte-v\u00e9los PNA Rack 3 se fixe solidement et sans outil sur la boule d&#8217;attelage.<br \/>\nHomologu\u00e9 60kg<br \/>\nGrace \u00e0 ses rails surdimensionn\u00e9s et ses amples sangles ce porte-v\u00e9los peut accueillir la plupart des mod\u00e8les de v\u00e9los. Chaque v\u00e9lo est fix\u00e9 au niveau de sa roue par une sangle crant\u00e9e, et de son cadre par un bras de fixation<br \/>\nLa plateforme peut basculer pour faciliter l&#8217;acc\u00e8s au coffre lorsque les v\u00e9los sont install\u00e9s dessus.<br \/>\nQuand il n&#8217;est pas utilis\u00e9, le porte-v\u00e9lo se replie sur lui-m\u00eame en une forme compacte et peu encombrante.<\/p>\n<p>Points forts<br \/>\nLa compatibilit\u00e9 avec la plupart des v\u00e9los, support de pneus large et des sangles longues<br \/>\nLa fixation sans outil sur boule d&#8217;attelage<br \/>\nverrou antivol \u00e0 cl\u00e9<br \/>\nLa fonction basculante<br \/>\nstockage facile gr\u00e2ce \u00e0 sa forme compacte une fois repli\u00e9<\/p>\n<p>Caract\u00e9ristiques<br \/>\nMontage : sans outil<br \/>\nAntivol du Porte-v\u00e9los : Verrouillage par clef<br \/>\nCompatibilit\u00e9 Roues : jusqu\u2019\u00e0 3.25\u201c<br \/>\nFonction Basculante : Oui<br \/>\nInstallation : Boule d&#8217;attelage<br \/>\nMaintien des V\u00e9los : Par le cadre, Par les roues<br \/>\nNombre de V\u00e9los : 3<br \/>\nPliable : Oui<br \/>\nPoids Maxi Total : 60 kg<br \/>\nPrise : 7 broches<\/p>\n","protected":false},"featured_media":2471,"comment_status":"open","ping_status":"closed","template":"","meta":{"_et_pb_use_builder":"","_et_pb_old_content":"","_et_gb_content_width":""},"product_cat":[25,170,101,137,188],"product_tag":[],"class_list":["post-2470","product","type-product","status-publish","has-post-thumbnail","hentry","product_cat-accessoires-et-entretien","product_cat-accessoires-et-reparation-vae","product_cat-accessoires-reparation-vr","product_cat-porte-velo-vr","product_cat-porte-velo-vtt-accessoires-et-entretien"],"wooqr_code":"","_links":{"self":[{"href":"https:\/\/multicyclescaraibe.fr\/index.php\/wp-json\/wp\/v2\/product\/2470","targetHints":{"allow":["GET"]}}],"collection":[{"href":"https:\/\/multicyclescaraibe.fr\/index.php\/wp-json\/wp\/v2\/product"}],"about":[{"href":"https:\/\/multicyclescaraibe.fr\/index.php\/wp-json\/wp\/v2\/types\/product"}],"replies":[{"embeddable":true,"href":"https:\/\/multicyclescaraibe.fr\/index.php\/wp-json\/wp\/v2\/comments?post=2470"}],"wp:featuredmedia":[{"embeddable":true,"href":"https:\/\/multicyclescaraibe.fr\/index.php\/wp-json\/wp\/v2\/media\/2471"}],"wp:attachment":[{"href":"https:\/\/multicyclescaraibe.fr\/index.php\/wp-json\/wp\/v2\/media?parent=2470"}],"wp:term":[{"taxonomy":"product_cat","embeddable":true,"href":"https:\/\/multicyclescaraibe.fr\/index.php\/wp-json\/wp\/v2\/product_cat?post=2470"},{"taxonomy":"product_tag","embeddable":true,"href":"https:\/\/multicyclescaraibe.fr\/index.php\/wp-json\/wp\/v2\/product_tag?post=2470"}],"curies":[{"name":"wp","href":"https:\/\/api.w.org\/{rel}","templated":true}]}}