{"id":2540,"date":"2024-03-15T04:45:19","date_gmt":"2024-03-15T03:45:19","guid":{"rendered":"https:\/\/multicyclescaraibe.fr\/?post_type=product&#038;p=2540"},"modified":"2024-03-15T04:45:19","modified_gmt":"2024-03-15T03:45:19","slug":"1137-garde-boue-av-fix-fche-27-5-29-deflector-fm30","status":"publish","type":"product","link":"https:\/\/multicyclescaraibe.fr\/index.php\/produit\/1137-garde-boue-av-fix-fche-27-5-29-deflector-fm30\/","title":{"rendered":"1137-GARDE-BOUE AV FIX. FCHE 27.5&#8243;\/29&#8243; &#8220;DEFLECTOR FM30&#8221;"},"content":{"rendered":"<p>Garde-boue avant fixation fourche ZEFAL 27.5&#8243;\/29&#8243; &#8220;DEFLECTOR FM30&#8243;Personnalisable<br \/>\n3 jeux de stickers inclus<\/p>\n<p>Description :<br \/>\nGarde-boue efficace et discret gr\u00e2ce \u00e0 sa position proche de la roue<br \/>\nUniversel : compatible 27.5&#8221; &#038; 29&#8221; et avec la majorit\u00e9 des fourches du march\u00e9<br \/>\nFacile \u00e0 installer : la fixation par colliers Rilsan\u00ae dot\u00e9s d&#8217;une protection soft adapt\u00e9e permet de prot\u00e9ger la peinture de la fourche et assure un bon maintient du produit<\/p>\n","protected":false},"excerpt":{"rendered":"<p>Garde-boue avant fixation fourche ZEFAL 27.5&#8243;\/29&#8243; &#8220;DEFLECTOR FM30&#8243;Personnalisable 3 jeux de stickers inclus Description : Garde-boue efficace et discret gr\u00e2ce \u00e0 sa position proche de la roue Universel : compatible 27.5&#8221; &#038; 29&#8221; et avec la majorit\u00e9 des fourches du march\u00e9 Facile \u00e0 installer : la fixation par colliers Rilsan\u00ae dot\u00e9s d&#8217;une protection soft adapt\u00e9e [&hellip;]<\/p>\n","protected":false},"featured_media":2541,"comment_status":"open","ping_status":"closed","template":"","meta":{"_et_pb_use_builder":"","_et_pb_old_content":"","_et_gb_content_width":""},"product_cat":[170],"product_tag":[],"class_list":["post-2540","product","type-product","status-publish","has-post-thumbnail","hentry","product_cat-accessoires-et-reparation-vae"],"wooqr_code":"","_links":{"self":[{"href":"https:\/\/multicyclescaraibe.fr\/index.php\/wp-json\/wp\/v2\/product\/2540","targetHints":{"allow":["GET"]}}],"collection":[{"href":"https:\/\/multicyclescaraibe.fr\/index.php\/wp-json\/wp\/v2\/product"}],"about":[{"href":"https:\/\/multicyclescaraibe.fr\/index.php\/wp-json\/wp\/v2\/types\/product"}],"replies":[{"embeddable":true,"href":"https:\/\/multicyclescaraibe.fr\/index.php\/wp-json\/wp\/v2\/comments?post=2540"}],"wp:featuredmedia":[{"embeddable":true,"href":"https:\/\/multicyclescaraibe.fr\/index.php\/wp-json\/wp\/v2\/media\/2541"}],"wp:attachment":[{"href":"https:\/\/multicyclescaraibe.fr\/index.php\/wp-json\/wp\/v2\/media?parent=2540"}],"wp:term":[{"taxonomy":"product_cat","embeddable":true,"href":"https:\/\/multicyclescaraibe.fr\/index.php\/wp-json\/wp\/v2\/product_cat?post=2540"},{"taxonomy":"product_tag","embeddable":true,"href":"https:\/\/multicyclescaraibe.fr\/index.php\/wp-json\/wp\/v2\/product_tag?post=2540"}],"curies":[{"name":"wp","href":"https:\/\/api.w.org\/{rel}","templated":true}]}}