{"id":2632,"date":"2024-06-20T14:27:29","date_gmt":"2024-06-20T12:27:29","guid":{"rendered":"https:\/\/multicyclescaraibe.fr\/?post_type=product&#038;p=2632"},"modified":"2024-06-20T14:27:29","modified_gmt":"2024-06-20T12:27:29","slug":"1293-chaussures-giro-trans-boa-rouge-et-noir-pointure-41-girch010","status":"publish","type":"product","link":"https:\/\/multicyclescaraibe.fr\/index.php\/produit\/1293-chaussures-giro-trans-boa-rouge-et-noir-pointure-41-girch010\/","title":{"rendered":"1293-CHAUSSURES GIRO TRANS BOA ROUGE ET NOIR Pointure 41 GIRCH010"},"content":{"rendered":"<p>LES POINTS ESSENTIELS<\/p>\n<p>UNE EXCELLENTE CHAUSSURE DE ROUTE POUR LES COUREURS QUI RECHERCHENT DES PERFORMANCES \u00c9LEV\u00c9ES SANS D\u00c9PENSER BEAUCOUP D&#8217;ARGENT.<br \/>\nCela commence par une tige perfor\u00e9e et respirante en microfibre et en mesh qui s&#8217;adapte \u00e0 votre pied, avec une molette de fermeture BOA\u00ae L6 pour un ajustement rapide et intuitif. Ensuite, une robuste semelle ext\u00e9rieure Easton\u00ae EC70 en carbone composite avec des coussinets de talon rempla\u00e7ables est ajout\u00e9e pour tirer le meilleur parti de votre coup de p\u00e9dale sans sacrifier la durabilit\u00e9 \u00e0 long terme.<br \/>\nCARACT\u00c9RISTIQUES TECHNIQUES<\/p>\n<p>Marque<br \/>\nGiro<br \/>\nMati\u00e8re Semelle ext\u00e9rieure<br \/>\nEaston\u00ae EC70 Carbon\/Composite<br \/>\nLargeur<br \/>\nPied Standard<br \/>\nSyst\u00e8me de P\u00e9dales<br \/>\nAutomatique &#8211; 3 Points &#8211; Route<br \/>\nType de P\u00e9dale<br \/>\nAutomatique<br \/>\nFamille de produit<br \/>\nChaussures<br \/>\nCouleur<br \/>\nRouge<br \/>\nDiscipline<br \/>\nRoute<\/p>\n","protected":false},"excerpt":{"rendered":"<p>LES POINTS ESSENTIELS UNE EXCELLENTE CHAUSSURE DE ROUTE POUR LES COUREURS QUI RECHERCHENT DES PERFORMANCES \u00c9LEV\u00c9ES SANS D\u00c9PENSER BEAUCOUP D&#8217;ARGENT. Cela commence par une tige perfor\u00e9e et respirante en microfibre et en mesh qui s&#8217;adapte \u00e0 votre pied, avec une molette de fermeture BOA\u00ae L6 pour un ajustement rapide et intuitif. Ensuite, une robuste semelle [&hellip;]<\/p>\n","protected":false},"featured_media":2633,"comment_status":"open","ping_status":"closed","template":"","meta":{"_et_pb_use_builder":"","_et_pb_old_content":"","_et_gb_content_width":""},"product_cat":[64,183],"product_tag":[],"class_list":["post-2632","product","type-product","status-publish","has-post-thumbnail","hentry","product_cat-accessoires-velo-de-route","product_cat-chaussures-velo-de-route-vr"],"wooqr_code":"","_links":{"self":[{"href":"https:\/\/multicyclescaraibe.fr\/index.php\/wp-json\/wp\/v2\/product\/2632","targetHints":{"allow":["GET"]}}],"collection":[{"href":"https:\/\/multicyclescaraibe.fr\/index.php\/wp-json\/wp\/v2\/product"}],"about":[{"href":"https:\/\/multicyclescaraibe.fr\/index.php\/wp-json\/wp\/v2\/types\/product"}],"replies":[{"embeddable":true,"href":"https:\/\/multicyclescaraibe.fr\/index.php\/wp-json\/wp\/v2\/comments?post=2632"}],"wp:featuredmedia":[{"embeddable":true,"href":"https:\/\/multicyclescaraibe.fr\/index.php\/wp-json\/wp\/v2\/media\/2633"}],"wp:attachment":[{"href":"https:\/\/multicyclescaraibe.fr\/index.php\/wp-json\/wp\/v2\/media?parent=2632"}],"wp:term":[{"taxonomy":"product_cat","embeddable":true,"href":"https:\/\/multicyclescaraibe.fr\/index.php\/wp-json\/wp\/v2\/product_cat?post=2632"},{"taxonomy":"product_tag","embeddable":true,"href":"https:\/\/multicyclescaraibe.fr\/index.php\/wp-json\/wp\/v2\/product_tag?post=2632"}],"curies":[{"name":"wp","href":"https:\/\/api.w.org\/{rel}","templated":true}]}}