{"id":2692,"date":"2024-08-19T14:04:51","date_gmt":"2024-08-19T12:04:51","guid":{"rendered":"https:\/\/multicyclescaraibe.fr\/?post_type=product&#038;p=2692"},"modified":"2024-08-19T14:04:52","modified_gmt":"2024-08-19T12:04:52","slug":"1352-giro-chaussures-cylinder-ii-girch020044-0768686361982-pointure-45","status":"publish","type":"product","link":"https:\/\/multicyclescaraibe.fr\/index.php\/produit\/1352-giro-chaussures-cylinder-ii-girch020044-0768686361982-pointure-45\/","title":{"rendered":"1352-GIRO CHAUSSURES CYLINDER II GIRCH020044 0768686361982 pointure 45"},"content":{"rendered":"<p>COMP\u00c9TENCES ET PERFORMANCES SUR LE TERRAIN<br \/>\nLa chaussure de VTT Cylinder\u2122 II offre un confort optimum avec la praticit\u00e9 et la pr\u00e9cision d\u2019une fermeture \u00e0 serrage BOA\u00ae . Avec un seul serrage et une sangle frontale r\u00e9glable, vous pouvez vous chausser et partir sur les sentiers en un rien de temps. Le serrage BOA\u00ae L6 permet des incr\u00e9ments de r\u00e9glage de 1 mm lors du serrage, et une fonction de macro-d\u00e9clenchement pour retirer la chaussure. La construction de la tige apporte un excellent soutien et une grande respirabilit\u00e9, tandis que notre semelle en nylon co-moul\u00e9 et \u00e0 crampons en caoutchouc\u00ae offre une remarquable durabilit\u00e9 avec une traction fiable sur presque toutes les surfaces.<\/p>\n","protected":false},"excerpt":{"rendered":"<p>COMP\u00c9TENCES ET PERFORMANCES SUR LE TERRAIN La chaussure de VTT Cylinder\u2122 II offre un confort optimum avec la praticit\u00e9 et la pr\u00e9cision d\u2019une fermeture \u00e0 serrage BOA\u00ae . Avec un seul serrage et une sangle frontale r\u00e9glable, vous pouvez vous chausser et partir sur les sentiers en un rien de temps. Le serrage BOA\u00ae L6 [&hellip;]<\/p>\n","protected":false},"featured_media":2693,"comment_status":"open","ping_status":"closed","template":"","meta":{"_et_pb_use_builder":"","_et_pb_old_content":"","_et_gb_content_width":""},"product_cat":[128,132],"product_tag":[],"class_list":["post-2692","product","type-product","status-publish","has-post-thumbnail","hentry","product_cat-accessoires-du-cycliste-vtt","product_cat-chaussures-vtt-accessoires-du-cycliste-vtt"],"wooqr_code":"","_links":{"self":[{"href":"https:\/\/multicyclescaraibe.fr\/index.php\/wp-json\/wp\/v2\/product\/2692","targetHints":{"allow":["GET"]}}],"collection":[{"href":"https:\/\/multicyclescaraibe.fr\/index.php\/wp-json\/wp\/v2\/product"}],"about":[{"href":"https:\/\/multicyclescaraibe.fr\/index.php\/wp-json\/wp\/v2\/types\/product"}],"replies":[{"embeddable":true,"href":"https:\/\/multicyclescaraibe.fr\/index.php\/wp-json\/wp\/v2\/comments?post=2692"}],"wp:featuredmedia":[{"embeddable":true,"href":"https:\/\/multicyclescaraibe.fr\/index.php\/wp-json\/wp\/v2\/media\/2693"}],"wp:attachment":[{"href":"https:\/\/multicyclescaraibe.fr\/index.php\/wp-json\/wp\/v2\/media?parent=2692"}],"wp:term":[{"taxonomy":"product_cat","embeddable":true,"href":"https:\/\/multicyclescaraibe.fr\/index.php\/wp-json\/wp\/v2\/product_cat?post=2692"},{"taxonomy":"product_tag","embeddable":true,"href":"https:\/\/multicyclescaraibe.fr\/index.php\/wp-json\/wp\/v2\/product_tag?post=2692"}],"curies":[{"name":"wp","href":"https:\/\/api.w.org\/{rel}","templated":true}]}}