{"id":2754,"date":"2025-02-14T02:38:50","date_gmt":"2025-02-14T01:38:50","guid":{"rendered":"https:\/\/multicyclescaraibe.fr\/?post_type=product&#038;p=2754"},"modified":"2025-02-14T11:54:10","modified_gmt":"2025-02-14T10:54:10","slug":"1444-rockshox-poignee-tournante-twistloc-base-remote-2-positions-commande-tloc-full-spint-b1-gauche-tir-cable-2-pos-10mm-incl-poignee-tournante-g-grips-gd-cablerie-blackrocsf041279-0","status":"publish","type":"product","link":"https:\/\/multicyclescaraibe.fr\/index.php\/produit\/1444-rockshox-poignee-tournante-twistloc-base-remote-2-positions-commande-tloc-full-spint-b1-gauche-tir-cable-2-pos-10mm-incl-poignee-tournante-g-grips-gd-cablerie-blackrocsf041279-0\/","title":{"rendered":"1444-RockShox Poign\u00e9e Tournante TwistLoc Base Remote 2 positions Commande TLOC FULL SPINT (B1 &#8211; GAUCHE) &#8211; Tir.Cable 2 Pos. \/ 10mm \/ Incl. Poign\u00e9e tournante G, Grips G+D &#038; Cablerie &#8211; BlackROCSF041279 00.4318.059.000 (Copy)"},"content":{"rendered":"<p>La poign\u00e9e tournante TwistLoc Base Remote de RockShox \u00e0 2 positions avec pour t\u00e9l\u00e9commander la fourche et l&#8217;amortisseur<br \/>\nLa poign\u00e9e tournante RockShox TwistLoc Base Remote \u00e0 deux positions te permet de contr\u00f4ler tes \u00e9l\u00e9ments de suspension t\u00e9l\u00e9command\u00e9s &#8211; fourche ou amortisseur, ou les deux ensemble. En la tournant de 10 mm vers l&#8217;arri\u00e8re, tu passes en mode verrouill\u00e9, vers l&#8217;avant, tu ouvres \u00e0 nouveau l&#8217;amortissement. Ainsi, tu peux r\u00e9agir en un clin d&#8217;oil aux impr\u00e9vus du trail, tu as toujours les mains sur le guidon pour plus de s\u00e9curit\u00e9, et tu gagnes de la place sur le cockpit. Elle se monte \u00e0 gauche. Il est \u00e9galement possible de d\u00e9tacher la pi\u00e8ce rotative et de fixer la poign\u00e9e sans celle-ci. La livraison comprend une poign\u00e9e correspondante pour le c\u00f4t\u00e9 droit du guidon.<br \/>\nSp\u00e9cifications :<br \/>\nUtilisation :<br \/>\nCross Country, All Mountain, Enduro<br \/>\nCompatibilit\u00e9 :<br \/>\nguidons au diam\u00e8tre de 22,0 &#8211; 22,4 mm<br \/>\nfourches \u00e0 suspension RockShox 2 Position Remote<br \/>\namortisseurs RockShox 2 Position Remote<br \/>\nCaract\u00e9ristiques :<br \/>\npoign\u00e9e de t\u00e9l\u00e9commande tournante FullSprint \u00e0 deux positions pour la fourche \u00e0 suspension et l&#8217;amortisseur<br \/>\nr\u00e9glage et d\u00e9blocage du mode de verrouillage par rotation<br \/>\nmontage de l&#8217;\u00e9l\u00e9ment de t\u00e9l\u00e9commande rotatif \u00e9galement possible s\u00e9par\u00e9ment sans l&#8217;\u00e9l\u00e9ment de poign\u00e9e<br \/>\nNum\u00e9ro du fabricant :<br \/>\n00.4318.059.000<br \/>\nContenu :<br \/>\n1 x poign\u00e9e tournante RockShox TwistLoc Base Remote gauche<br \/>\n1 x poign\u00e9e de guidon RockShox droite<br \/>\n2 x embouts de guidon RockShox<br \/>\n2 x c\u00e2bles RockShox<br \/>\n2 x gaines de c\u00e2ble RockShox<br \/>\n4 x capuchons<br \/>\n1 x r\u00e9gleur<\/p>\n","protected":false},"excerpt":{"rendered":"<p>La poign\u00e9e tournante TwistLoc Base Remote de RockShox \u00e0 2 positions avec pour t\u00e9l\u00e9commander la fourche et l&#8217;amortisseur La poign\u00e9e tournante RockShox TwistLoc Base Remote \u00e0 deux positions te permet de contr\u00f4ler tes \u00e9l\u00e9ments de suspension t\u00e9l\u00e9command\u00e9s &#8211; fourche ou amortisseur, ou les deux ensemble. En la tournant de 10 mm vers l&#8217;arri\u00e8re, tu passes [&hellip;]<\/p>\n","protected":false},"featured_media":0,"comment_status":"open","ping_status":"closed","template":"","meta":{"_et_pb_use_builder":"","_et_pb_old_content":"","_et_gb_content_width":""},"product_cat":[48,156],"product_tag":[],"class_list":["post-2754","product","type-product","status-publish","hentry","product_cat-commandes","product_cat-commandes-vae"],"wooqr_code":"","_links":{"self":[{"href":"https:\/\/multicyclescaraibe.fr\/index.php\/wp-json\/wp\/v2\/product\/2754","targetHints":{"allow":["GET"]}}],"collection":[{"href":"https:\/\/multicyclescaraibe.fr\/index.php\/wp-json\/wp\/v2\/product"}],"about":[{"href":"https:\/\/multicyclescaraibe.fr\/index.php\/wp-json\/wp\/v2\/types\/product"}],"replies":[{"embeddable":true,"href":"https:\/\/multicyclescaraibe.fr\/index.php\/wp-json\/wp\/v2\/comments?post=2754"}],"wp:attachment":[{"href":"https:\/\/multicyclescaraibe.fr\/index.php\/wp-json\/wp\/v2\/media?parent=2754"}],"wp:term":[{"taxonomy":"product_cat","embeddable":true,"href":"https:\/\/multicyclescaraibe.fr\/index.php\/wp-json\/wp\/v2\/product_cat?post=2754"},{"taxonomy":"product_tag","embeddable":true,"href":"https:\/\/multicyclescaraibe.fr\/index.php\/wp-json\/wp\/v2\/product_tag?post=2754"}],"curies":[{"name":"wp","href":"https:\/\/api.w.org\/{rel}","templated":true}]}}