{"id":2782,"date":"2025-06-05T11:52:16","date_gmt":"2025-06-05T09:52:16","guid":{"rendered":"https:\/\/multicyclescaraibe.fr\/?post_type=product&#038;p=2782"},"modified":"2025-06-05T11:52:17","modified_gmt":"2025-06-05T09:52:17","slug":"1505-chaussure-vtt-flr-elite-f55-t43-noir-3-bandes-auto-agrippantes-pr-499998","status":"publish","type":"product","link":"https:\/\/multicyclescaraibe.fr\/index.php\/produit\/1505-chaussure-vtt-flr-elite-f55-t43-noir-3-bandes-auto-agrippantes-pr-499998\/","title":{"rendered":"1505-CHAUSSURE VTT FLR ELITE F55 T43 NOIR 3 BANDES AUTO AGRIPPANTES (PR) 499998"},"content":{"rendered":"<p>Style classique, hautes performances et abordable, la F-55 est un excellent rapport<br \/>\nqualit\u00e9 prix. Construite avec une tige synt\u00e9tique avec 6 a\u00e9rations, elle vous apporte<br \/>\nconforte et ventilation. Equip\u00e9e de la semelle M250, la F-55 procure un excellent<br \/>\ntransfert d\u2019\u00e9nergie et absorbe les vibrations du terrain<br \/>\n\u2022 Syst\u00e8me de serrage 3 velcros\u00ae<br \/>\n\u2022 Dessus : cuir microfi bre souple avec a\u00e9rations<br \/>\n\u2022 Semelle int\u00e9rieure en mousse EVA respirante et amovible<br \/>\n\u2022 Semelle ext\u00e9rieure : M250<br \/>\n\u2022 Tampons de marche antid\u00e9rapants<br \/>\n\u2022 Compatible SPD<br \/>\n\u2022 Livr\u00e9e avec 4 crampons en r\u00e9sine<br \/>\n\u2022 Poids +\/- : 740g la paire (taille 42)<\/p>\n","protected":false},"excerpt":{"rendered":"<p>Style classique, hautes performances et abordable, la F-55 est un excellent rapport qualit\u00e9 prix. Construite avec une tige synt\u00e9tique avec 6 a\u00e9rations, elle vous apporte conforte et ventilation. Equip\u00e9e de la semelle M250, la F-55 procure un excellent transfert d\u2019\u00e9nergie et absorbe les vibrations du terrain \u2022 Syst\u00e8me de serrage 3 velcros\u00ae \u2022 Dessus : [&hellip;]<\/p>\n","protected":false},"featured_media":2783,"comment_status":"open","ping_status":"closed","template":"","meta":{"_et_pb_use_builder":"","_et_pb_old_content":"","_et_gb_content_width":""},"product_cat":[132],"product_tag":[],"class_list":["post-2782","product","type-product","status-publish","has-post-thumbnail","hentry","product_cat-chaussures-vtt-accessoires-du-cycliste-vtt"],"wooqr_code":"","_links":{"self":[{"href":"https:\/\/multicyclescaraibe.fr\/index.php\/wp-json\/wp\/v2\/product\/2782","targetHints":{"allow":["GET"]}}],"collection":[{"href":"https:\/\/multicyclescaraibe.fr\/index.php\/wp-json\/wp\/v2\/product"}],"about":[{"href":"https:\/\/multicyclescaraibe.fr\/index.php\/wp-json\/wp\/v2\/types\/product"}],"replies":[{"embeddable":true,"href":"https:\/\/multicyclescaraibe.fr\/index.php\/wp-json\/wp\/v2\/comments?post=2782"}],"wp:featuredmedia":[{"embeddable":true,"href":"https:\/\/multicyclescaraibe.fr\/index.php\/wp-json\/wp\/v2\/media\/2783"}],"wp:attachment":[{"href":"https:\/\/multicyclescaraibe.fr\/index.php\/wp-json\/wp\/v2\/media?parent=2782"}],"wp:term":[{"taxonomy":"product_cat","embeddable":true,"href":"https:\/\/multicyclescaraibe.fr\/index.php\/wp-json\/wp\/v2\/product_cat?post=2782"},{"taxonomy":"product_tag","embeddable":true,"href":"https:\/\/multicyclescaraibe.fr\/index.php\/wp-json\/wp\/v2\/product_tag?post=2782"}],"curies":[{"name":"wp","href":"https:\/\/api.w.org\/{rel}","templated":true}]}}